{"id":3866,"date":"2023-02-02T12:51:08","date_gmt":"2023-02-02T11:51:08","guid":{"rendered":"https:\/\/www.sc-stockelsdorf.de\/index.php\/?page_id=3866"},"modified":"2023-06-01T17:19:27","modified_gmt":"2023-06-01T15:19:27","slug":"ausschreibung-15-doppelcup","status":"publish","type":"page","link":"https:\/\/www.sc-stockelsdorf.de\/index.php\/ausschreibung-15-doppelcup\/","title":{"rendered":"Ausschreibung 15. Doppelcup"},"content":{"rendered":"\t<h1>Archives<\/h1>\t\t<p>Hier findet ihr unsere Ausschreibung auch als pdf-Datei:&nbsp;<a href=\"https:\/\/www.sc-stockelsdorf.de\/wp-content\/uploads\/2023\/02\/Ausschreibung-Doppelcup-2023.pdf\">Ausschreibung 15. Doppelcup<\/a><\/p>\n<p>Eure Meldung k\u00f6nnt ihr direkt \u00fcber <a href=\"http:\/\/meldung.sc-stockelsdorf.de\">meldung.sc-stockelsdorf.de<\/a> vornehmen, wir melden uns anschlie\u00dfend mit einer Meldebest\u00e4tigung.<\/p>\n<p><a href=\"https:\/\/www.sc-stockelsdorf.de\/wp-content\/uploads\/2023\/02\/Ausschreibung-Doppelcup-2023.jpg\"><img loading=\"lazy\" decoding=\"async\" class=\" wp-image-3868 aligncenter\" src=\"https:\/\/www.sc-stockelsdorf.de\/wp-content\/uploads\/2023\/02\/Ausschreibung-Doppelcup-2023-212x300.jpg\" alt=\"\" width=\"698\" height=\"988\" srcset=\"https:\/\/www.sc-stockelsdorf.de\/wp-content\/uploads\/2023\/02\/Ausschreibung-Doppelcup-2023-212x300.jpg 212w, https:\/\/www.sc-stockelsdorf.de\/wp-content\/uploads\/2023\/02\/Ausschreibung-Doppelcup-2023-724x1024.jpg 724w, https:\/\/www.sc-stockelsdorf.de\/wp-content\/uploads\/2023\/02\/Ausschreibung-Doppelcup-2023-768x1087.jpg 768w, https:\/\/www.sc-stockelsdorf.de\/wp-content\/uploads\/2023\/02\/Ausschreibung-Doppelcup-2023.jpg 826w\" sizes=\"auto, (max-width: 698px) 100vw, 698px\" \/><\/a><\/p>\n<p><span style=\"color: #ffffff;\"><a style=\"color: #ffffff;\" href=\"http:\/\/www.watttoget.net\">http:\/\/www.watttoget.net<\/a><\/span><\/p>\n","protected":false},"excerpt":{"rendered":"<p>Archives Hier findet ihr unsere Ausschreibung auch als pdf-Datei:&nbsp;Ausschreibung 15. Doppelcup Eure Meldung k\u00f6nnt ihr direkt \u00fcber meldung.sc-stockelsdorf.de vornehmen, wir melden uns anschlie\u00dfend mit einer Meldebest\u00e4tigung. http:\/\/www.watttoget.net<\/p>\n","protected":false},"author":5,"featured_media":0,"parent":0,"menu_order":0,"comment_status":"closed","ping_status":"closed","template":"","meta":{"ngg_post_thumbnail":0,"footnotes":""},"class_list":["post-3866","page","type-page","status-publish","hentry"],"_links":{"self":[{"href":"https:\/\/www.sc-stockelsdorf.de\/index.php\/wp-json\/wp\/v2\/pages\/3866","targetHints":{"allow":["GET"]}}],"collection":[{"href":"https:\/\/www.sc-stockelsdorf.de\/index.php\/wp-json\/wp\/v2\/pages"}],"about":[{"href":"https:\/\/www.sc-stockelsdorf.de\/index.php\/wp-json\/wp\/v2\/types\/page"}],"author":[{"embeddable":true,"href":"https:\/\/www.sc-stockelsdorf.de\/index.php\/wp-json\/wp\/v2\/users\/5"}],"replies":[{"embeddable":true,"href":"https:\/\/www.sc-stockelsdorf.de\/index.php\/wp-json\/wp\/v2\/comments?post=3866"}],"version-history":[{"count":6,"href":"https:\/\/www.sc-stockelsdorf.de\/index.php\/wp-json\/wp\/v2\/pages\/3866\/revisions"}],"predecessor-version":[{"id":3929,"href":"https:\/\/www.sc-stockelsdorf.de\/index.php\/wp-json\/wp\/v2\/pages\/3866\/revisions\/3929"}],"wp:attachment":[{"href":"https:\/\/www.sc-stockelsdorf.de\/index.php\/wp-json\/wp\/v2\/media?parent=3866"}],"curies":[{"name":"wp","href":"https:\/\/api.w.org\/{rel}","templated":true}]}}